{"id":56,"date":"2015-02-01T23:26:36","date_gmt":"2015-02-01T21:26:36","guid":{"rendered":"http:\/\/www.posture.sk\/?page_id=56"},"modified":"2026-02-24T22:40:51","modified_gmt":"2026-02-24T21:40:51","slug":"fees","status":"publish","type":"page","link":"https:\/\/www.posture.sk\/index.php\/fees\/","title":{"rendered":"FEES"},"content":{"rendered":"<p>[et_pb_section fb_built=&#8220;1&#8243; _builder_version=&#8220;4.16&#8243; global_colors_info=&#8220;{}&#8220;][et_pb_row column_structure=&#8220;1_3,1_3,1_3&#8243; _builder_version=&#8220;4.19.5&#8243; _module_preset=&#8220;default&#8220; global_colors_info=&#8220;{}&#8220;][et_pb_column type=&#8220;1_3&#8243; _builder_version=&#8220;4.19.5&#8243; _module_preset=&#8220;default&#8220; global_colors_info=&#8220;{}&#8220;][et_pb_text _builder_version=&#8220;4.19.5&#8243; _module_preset=&#8220;default&#8220; text_font=&#8220;Open Sans|500|||||||&#8220; text_text_color=&#8220;#FFFFFF&#8220; header_2_font=&#8220;Open Sans|700|||||||&#8220; header_2_text_color=&#8220;#FFFFFF&#8220; header_2_font_size=&#8220;35px&#8220; header_3_font=&#8220;Open Sans||||||||&#8220; header_3_text_color=&#8220;#FFFFFF&#8220; header_3_font_size=&#8220;28px&#8220; background_color=&#8220;#0C71C3&#8243; custom_margin=&#8220;||-4px|||&#8220; custom_padding=&#8220;20px||10px||false|false&#8220; border_width_right=&#8220;1px&#8220; border_color_right=&#8220;#FFFFFF&#8220; global_colors_info=&#8220;{}&#8220;]<\/p>\n<p style=\"text-align: center;\">Active participant<\/p>\n<p>[\/et_pb_text][et_pb_text _builder_version=&#8220;4.19.5&#8243; _module_preset=&#8220;default&#8220; header_2_font=&#8220;Open Sans|700|||||||&#8220; header_2_text_color=&#8220;#FFFFFF&#8220; header_2_font_size=&#8220;35px&#8220; background_color=&#8220;#0C71C3&#8243; custom_padding=&#8220;||10px||false|false&#8220; border_width_right=&#8220;1px&#8220; border_color_right=&#8220;#FFFFFF&#8220; global_colors_info=&#8220;{}&#8220;]<\/p>\n<h2 style=\"text-align: center;\">850 \u20ac<\/h2>\n<p>[\/et_pb_text][et_pb_text _builder_version=&#8220;4.19.5&#8243; _module_preset=&#8220;default&#8220; custom_padding=&#8220;0px|5px||5px|false|false&#8220; border_color_all=&#8220;#0C71C3&#8243; border_width_right=&#8220;1px&#8220; global_colors_info=&#8220;{}&#8220;]<\/p>\n<ul>\n<ul>\n<li>access to all scientific sessions<\/li>\n<\/ul>\n<\/ul>\n<p>&nbsp;<\/p>\n<ul>\n<ul>\n<li>access to poster sessions<\/li>\n<\/ul>\n<\/ul>\n<p>&nbsp;<\/p>\n<ul>\n<ul>\n<li>delegate material<\/li>\n<\/ul>\n<\/ul>\n<p>&nbsp;<\/p>\n<ul>\n<ul>\n<li>accommodation in Smolenice Castle for 3 nights<\/li>\n<\/ul>\n<\/ul>\n<p>&nbsp;<\/p>\n<ul>\n<ul>\n<li>daily meals (breakfast, lunch and dinner)<\/li>\n<\/ul>\n<\/ul>\n<p>&nbsp;<\/p>\n<ul>\n<ul>\n<li>refreshments during coffee breaks<\/li>\n<\/ul>\n<\/ul>\n<p>&nbsp;<\/p>\n<ul>\n<ul>\n<li>one selected social activity<\/li>\n<\/ul>\n<\/ul>\n<p>&nbsp;<\/p>\n<ul>\n<ul>\n<li>transport by special bus from Bratislava to Smolenice Castle and back<\/li>\n<\/ul>\n<\/ul>\n<p>&nbsp;<\/p>\n<p>[\/et_pb_text][\/et_pb_column][et_pb_column type=&#8220;1_3&#8243; _builder_version=&#8220;4.19.5&#8243; _module_preset=&#8220;default&#8220; global_colors_info=&#8220;{}&#8220;][et_pb_text _builder_version=&#8220;4.19.5&#8243; _module_preset=&#8220;default&#8220; text_font=&#8220;Open Sans|500|||||||&#8220; text_text_color=&#8220;#FFFFFF&#8220; header_2_font=&#8220;Open Sans|700|||||||&#8220; header_2_text_color=&#8220;#FFFFFF&#8220; header_2_font_size=&#8220;35px&#8220; header_3_font=&#8220;Open Sans||||||||&#8220; header_3_text_color=&#8220;#FFFFFF&#8220; header_3_font_size=&#8220;28px&#8220; background_color=&#8220;#8300E9&#8243; custom_margin=&#8220;||-4px|||&#8220; custom_padding=&#8220;20px||10px||false|false&#8220; border_width_right=&#8220;1px&#8220; border_color_right=&#8220;#FFFFFF&#8220; global_colors_info=&#8220;{}&#8220;]<\/p>\n<p style=\"text-align: center;\">Active participant &#8211; PhD student<\/p>\n<p>[\/et_pb_text][et_pb_text _builder_version=&#8220;4.19.5&#8243; _module_preset=&#8220;default&#8220; header_2_font=&#8220;Open Sans|700|||||||&#8220; header_2_text_color=&#8220;#FFFFFF&#8220; header_2_font_size=&#8220;35px&#8220; background_color=&#8220;#8300E9&#8243; custom_padding=&#8220;||10px||false|false&#8220; border_width_right=&#8220;1px&#8220; border_color_right=&#8220;#FFFFFF&#8220; global_colors_info=&#8220;{}&#8220;]<\/p>\n<h2 style=\"text-align: center;\">650 \u20ac<\/h2>\n<p>[\/et_pb_text][et_pb_text _builder_version=&#8220;4.19.5&#8243; _module_preset=&#8220;default&#8220; custom_padding=&#8220;0px|5px||5px|false|false&#8220; border_color_all=&#8220;#8300E9&#8243; border_width_right=&#8220;1px&#8220; global_colors_info=&#8220;{}&#8220;]<\/p>\n<ul>\n<ul>\n<li>access to all scientific sessions<\/li>\n<\/ul>\n<\/ul>\n<p>&nbsp;<\/p>\n<ul>\n<ul>\n<li>access to poster sessions<\/li>\n<\/ul>\n<\/ul>\n<p>&nbsp;<\/p>\n<ul>\n<ul>\n<li>delegate material<\/li>\n<\/ul>\n<\/ul>\n<p>&nbsp;<\/p>\n<ul>\n<ul>\n<li>accommodation in Smolenice Castle for 3 nights<\/li>\n<\/ul>\n<\/ul>\n<p>&nbsp;<\/p>\n<ul>\n<ul>\n<li>daily meals (breakfast, lunch and dinner)<\/li>\n<\/ul>\n<\/ul>\n<p>&nbsp;<\/p>\n<ul>\n<ul>\n<li>refreshments during coffee breaks<\/li>\n<\/ul>\n<\/ul>\n<p>&nbsp;<\/p>\n<ul>\n<ul>\n<li>one selected social activity<\/li>\n<\/ul>\n<\/ul>\n<p>&nbsp;<\/p>\n<ul>\n<ul>\n<li>transport by special bus from Bratislava to Smolenice Castle and back<\/li>\n<\/ul>\n<\/ul>\n<p>&nbsp;<\/p>\n<p>[\/et_pb_text][\/et_pb_column][et_pb_column type=&#8220;1_3&#8243; _builder_version=&#8220;4.19.5&#8243; _module_preset=&#8220;default&#8220; global_colors_info=&#8220;{}&#8220;][et_pb_text _builder_version=&#8220;4.19.5&#8243; _module_preset=&#8220;default&#8220; text_font=&#8220;Open Sans|500|||||||&#8220; text_text_color=&#8220;#FFFFFF&#8220; header_2_font=&#8220;Open Sans|700|||||||&#8220; header_2_text_color=&#8220;#FFFFFF&#8220; header_2_font_size=&#8220;35px&#8220; header_3_font=&#8220;Open Sans||||||||&#8220; header_3_text_color=&#8220;#FFFFFF&#8220; header_3_font_size=&#8220;28px&#8220; background_color=&#8220;#999999&#8243; custom_margin=&#8220;||-4px|||&#8220; custom_padding=&#8220;20px||10px||false|false&#8220; border_width_right=&#8220;1px&#8220; border_color_right=&#8220;#FFFFFF&#8220; global_colors_info=&#8220;{}&#8220;]<\/p>\n<p style=\"text-align: center;\">Accompanying person<\/p>\n<p>[\/et_pb_text][et_pb_text _builder_version=&#8220;4.19.5&#8243; _module_preset=&#8220;default&#8220; header_2_font=&#8220;Open Sans|700|||||||&#8220; header_2_text_color=&#8220;#FFFFFF&#8220; header_2_font_size=&#8220;35px&#8220; background_color=&#8220;#999999&#8243; custom_padding=&#8220;||10px||false|false&#8220; border_width_right=&#8220;1px&#8220; border_color_right=&#8220;#FFFFFF&#8220; global_colors_info=&#8220;{}&#8220;]<\/p>\n<h2 style=\"text-align: center;\">650 \u20ac<\/h2>\n<p>[\/et_pb_text][et_pb_text _builder_version=&#8220;4.19.5&#8243; _module_preset=&#8220;default&#8220; custom_padding=&#8220;0px|5px||5px|false|false&#8220; border_color_all=&#8220;#999999&#8243; border_width_right=&#8220;1px&#8220; global_colors_info=&#8220;{}&#8220;]<\/p>\n<ul>\n<ul>\n<li>accommodation in Smolenice Castle for 3 nights<\/li>\n<\/ul>\n<\/ul>\n<p>&nbsp;<\/p>\n<ul>\n<ul>\n<li>daily meals (breakfast, lunch and dinner)<\/li>\n<\/ul>\n<\/ul>\n<p>&nbsp;<\/p>\n<ul>\n<ul>\n<li>one selected social activity<\/li>\n<\/ul>\n<\/ul>\n<p>&nbsp;<\/p>\n<ul>\n<ul>\n<li>transport by special bus from Bratislava to Smolenice Castle and back<\/li>\n<\/ul>\n<\/ul>\n<p>&nbsp;<\/p>\n<p>[\/et_pb_text][\/et_pb_column][\/et_pb_row][et_pb_row _builder_version=&#8220;4.16&#8243; background_size=&#8220;initial&#8220; background_position=&#8220;top_left&#8220; background_repeat=&#8220;repeat&#8220; custom_margin=&#8220;|auto||421px||&#8220; global_colors_info=&#8220;{}&#8220;][et_pb_column type=&#8220;4_4&#8243; _builder_version=&#8220;4.16&#8243; custom_padding=&#8220;|||&#8220; global_colors_info=&#8220;{}&#8220; custom_padding__hover=&#8220;|||&#8220;][et_pb_divider show_divider=&#8220;off&#8220; _builder_version=&#8220;4.16&#8243; global_colors_info=&#8220;{}&#8220;][\/et_pb_divider][et_pb_pricing_tables header_background_color=&#8220;#000000&#8243; show_bullet=&#8220;off&#8220; disabled_on=&#8220;on|on|on&#8220; _builder_version=&#8220;4.19.5&#8243; header_font=&#8220;Open Sans||||&#8220; header_font_size=&#8220;16&#8243; body_font=&#8220;Open Sans||||&#8220; price_font=&#8220;Open Sans||||&#8220; price_font_size=&#8220;38&#8243; currency_frequency_font=&#8220;Open Sans||||&#8220; currency_frequency_font_size=&#8220;14px&#8220; custom_css_pricing_heading=&#8220;baackground-color: #33ccff;&#8220; center_list_items=&#8220;off&#8220; disabled=&#8220;on&#8220; global_colors_info=&#8220;{}&#8220; button_text_size__hover_enabled=&#8220;off&#8220; button_one_text_size__hover_enabled=&#8220;off&#8220; button_two_text_size__hover_enabled=&#8220;off&#8220; button_text_color__hover_enabled=&#8220;off&#8220; button_one_text_color__hover_enabled=&#8220;off&#8220; button_two_text_color__hover_enabled=&#8220;off&#8220; button_border_width__hover_enabled=&#8220;off&#8220; button_one_border_width__hover_enabled=&#8220;off&#8220; button_two_border_width__hover_enabled=&#8220;off&#8220; button_border_color__hover_enabled=&#8220;off&#8220; button_one_border_color__hover_enabled=&#8220;off&#8220; button_two_border_color__hover_enabled=&#8220;off&#8220; button_border_radius__hover_enabled=&#8220;off&#8220; button_one_border_radius__hover_enabled=&#8220;off&#8220; button_two_border_radius__hover_enabled=&#8220;off&#8220; button_letter_spacing__hover_enabled=&#8220;off&#8220; button_one_letter_spacing__hover_enabled=&#8220;off&#8220; button_two_letter_spacing__hover_enabled=&#8220;off&#8220; button_bg_color__hover_enabled=&#8220;off&#8220; button_one_bg_color__hover_enabled=&#8220;off&#8220; button_two_bg_color__hover_enabled=&#8220;off&#8220;][et_pb_pricing_table title=&#8220;Active participant&#8220; sum=&#8220;500 \u20ac&#8220; _builder_version=&#8220;4.16&#8243; price_text_color=&#8220;#000000&#8243; header_font=&#8220;||||&#8220; body_font=&#8220;||||&#8220; subheader_font=&#8220;||||&#8220; price_font=&#8220;||||&#8220; currency_frequency_font=&#8220;||||&#8220; button_on_hover=&#8220;on&#8220; global_colors_info=&#8220;{}&#8220; button_text_size__hover_enabled=&#8220;off&#8220; button_one_text_size__hover_enabled=&#8220;off&#8220; button_two_text_size__hover_enabled=&#8220;off&#8220; button_text_color__hover_enabled=&#8220;off&#8220; button_one_text_color__hover_enabled=&#8220;off&#8220; button_two_text_color__hover_enabled=&#8220;off&#8220; button_border_width__hover_enabled=&#8220;off&#8220; button_one_border_width__hover_enabled=&#8220;off&#8220; button_two_border_width__hover_enabled=&#8220;off&#8220; button_border_color__hover_enabled=&#8220;off&#8220; button_one_border_color__hover_enabled=&#8220;off&#8220; button_two_border_color__hover_enabled=&#8220;off&#8220; button_border_radius__hover_enabled=&#8220;off&#8220; button_one_border_radius__hover_enabled=&#8220;off&#8220; button_two_border_radius__hover_enabled=&#8220;off&#8220; button_letter_spacing__hover_enabled=&#8220;off&#8220; button_one_letter_spacing__hover_enabled=&#8220;off&#8220; button_two_letter_spacing__hover_enabled=&#8220;off&#8220; button_bg_color__hover_enabled=&#8220;off&#8220; button_one_bg_color__hover_enabled=&#8220;off&#8220; button_two_bg_color__hover_enabled=&#8220;off&#8220; sticky_transition=&#8220;on&#8220;] valid for the payment from\u00a0July 16 till August 12, 2018 and for the cash payment at the registration desk [\/et_pb_pricing_table][et_pb_pricing_table title=&#8220;Active participant PhD student&#8220; sum=&#8220;400 \u20ac&#8220; _builder_version=&#8220;4.16&#8243; price_text_color=&#8220;#000000&#8243; header_font=&#8220;||||&#8220; body_font=&#8220;||||&#8220; subheader_font=&#8220;||||&#8220; price_font=&#8220;||||&#8220; currency_frequency_font=&#8220;||||&#8220; button_on_hover=&#8220;on&#8220; text_orientation=&#8220;center&#8220; global_colors_info=&#8220;{}&#8220; button_text_size__hover_enabled=&#8220;off&#8220; button_one_text_size__hover_enabled=&#8220;off&#8220; button_two_text_size__hover_enabled=&#8220;off&#8220; button_text_color__hover_enabled=&#8220;off&#8220; button_one_text_color__hover_enabled=&#8220;off&#8220; button_two_text_color__hover_enabled=&#8220;off&#8220; button_border_width__hover_enabled=&#8220;off&#8220; button_one_border_width__hover_enabled=&#8220;off&#8220; button_two_border_width__hover_enabled=&#8220;off&#8220; button_border_color__hover_enabled=&#8220;off&#8220; button_one_border_color__hover_enabled=&#8220;off&#8220; button_two_border_color__hover_enabled=&#8220;off&#8220; button_border_radius__hover_enabled=&#8220;off&#8220; button_one_border_radius__hover_enabled=&#8220;off&#8220; button_two_border_radius__hover_enabled=&#8220;off&#8220; button_letter_spacing__hover_enabled=&#8220;off&#8220; button_one_letter_spacing__hover_enabled=&#8220;off&#8220; button_two_letter_spacing__hover_enabled=&#8220;off&#8220; button_bg_color__hover_enabled=&#8220;off&#8220; button_one_bg_color__hover_enabled=&#8220;off&#8220; button_two_bg_color__hover_enabled=&#8220;off&#8220; sticky_transition=&#8220;on&#8220;] valid for the payment from\u00a0July 16 till August 12, 2018 and for the cash payment at the registration desk [\/et_pb_pricing_table][et_pb_pricing_table title=&#8220;Accompanying person&#8220; sum=&#8220;400 \u20ac&#8220; _builder_version=&#8220;4.16&#8243; price_text_color=&#8220;#000000&#8243; header_font=&#8220;||||&#8220; body_font=&#8220;||||&#8220; subheader_font=&#8220;||||&#8220; price_font=&#8220;||||&#8220; currency_frequency_font=&#8220;||||&#8220; currency_frequency_text_color=&#8220;#000000&#8243; button_on_hover=&#8220;on&#8220; global_colors_info=&#8220;{}&#8220; button_text_size__hover_enabled=&#8220;off&#8220; button_one_text_size__hover_enabled=&#8220;off&#8220; button_two_text_size__hover_enabled=&#8220;off&#8220; button_text_color__hover_enabled=&#8220;off&#8220; button_one_text_color__hover_enabled=&#8220;off&#8220; button_two_text_color__hover_enabled=&#8220;off&#8220; button_border_width__hover_enabled=&#8220;off&#8220; button_one_border_width__hover_enabled=&#8220;off&#8220; button_two_border_width__hover_enabled=&#8220;off&#8220; button_border_color__hover_enabled=&#8220;off&#8220; button_one_border_color__hover_enabled=&#8220;off&#8220; button_two_border_color__hover_enabled=&#8220;off&#8220; button_border_radius__hover_enabled=&#8220;off&#8220; button_one_border_radius__hover_enabled=&#8220;off&#8220; button_two_border_radius__hover_enabled=&#8220;off&#8220; button_letter_spacing__hover_enabled=&#8220;off&#8220; button_one_letter_spacing__hover_enabled=&#8220;off&#8220; button_two_letter_spacing__hover_enabled=&#8220;off&#8220; button_bg_color__hover_enabled=&#8220;off&#8220; button_one_bg_color__hover_enabled=&#8220;off&#8220; button_two_bg_color__hover_enabled=&#8220;off&#8220; sticky_transition=&#8220;on&#8220;] valid for the payment from\u00a0July 16 till August 12, 2018 and for the cash payment at the registration desk [\/et_pb_pricing_table][\/et_pb_pricing_tables][et_pb_text _builder_version=&#8220;4.19.5&#8243; text_font=&#8220;Open Sans||||&#8220; global_colors_info=&#8220;{}&#8220;]<\/p>\n<p><strong>Because of the limited capacity of the Castle, organizers reserve the right to refuse registration of participants without accepted contribution.<\/strong> The announcement about acceptation of contribution to the 10th International Posture Symposium will be sent till June 28, 2026.<\/p>\n<p>If you need any additional information about the registration for the conference or registration fee, please do not hesitate to <a href=\"https:\/\/www.posture.sk\/index.php\/contacts\/\">contact the Organizing Committee<\/a>.<\/p>\n<p>[\/et_pb_text][et_pb_text disabled_on=&#8220;off|off|off&#8220; _builder_version=&#8220;4.19.5&#8243; text_font=&#8220;Open Sans||||&#8220; global_colors_info=&#8220;{}&#8220;]<\/p>\n<p>Registration fee must be paid in advance, <strong>only by bank transfer<\/strong>, not later than <strong>July 31, 2026<\/strong>.<\/p>\n<p>Please make the payment by bank transfer with the participant\u2019s name clearly indicated in the transaction details.<\/p>\n<p>If you require an <strong>invoice<\/strong> for the registration fee <strong>in advance<\/strong>, please contact us at info(a)posture.sk. Otherwise, you will receive the invoice at the registration desk at Smolenice Castle. Invoice details, including VAT number (if necessary), will be requested during the registration process. \u00a0<\/p>\n<p><strong>Bank Transfer details<\/strong><br \/>Beneficiary\u00b4s bank: \u0160t\u00e1tna pokladnica, Radlinsk\u00e9ho 32, 810 05 Bratislava, Slovakia<br \/>BIC\/SWIFT: SPSRSKBA<br \/>Beneficiary\u00b4s account number IBAN: SK69 <span><a href=\"callto:8180%200000%200070%200066\"><span style=\"color: #000000;\">8180 0000 0070 0066<\/span><\/a><\/span> 5864<br \/>Beneficiary\u00b4s: Centre of Experimental Medicine Slovak Academy of Sciences<br \/>Beneficiary\u00b4s address: D\u00fabravsk\u00e1 cesta \u010d. 9, 84104, Bratislava 4, Slovakia<br \/>Country code: SK<br \/>Remittance information: POSTURE 2026, your name<\/p>\n<p>[\/et_pb_text][\/et_pb_column][\/et_pb_row][\/et_pb_section]<\/p>\n","protected":false},"excerpt":{"rendered":"<p>Active participant850 \u20ac access to all scientific sessions &nbsp; access to poster sessions &nbsp; delegate material &nbsp; accommodation in Smolenice Castle for 3 nights &nbsp; daily meals (breakfast, lunch and dinner) &nbsp; refreshments during coffee breaks &nbsp; one selected social activity &nbsp; transport by special bus from Bratislava to Smolenice Castle and back &nbsp;Active participant [&hellip;]<\/p>\n","protected":false},"author":1,"featured_media":0,"parent":0,"menu_order":0,"comment_status":"closed","ping_status":"closed","template":"","meta":{"_et_pb_use_builder":"on","_et_pb_old_content":"<h3 style=\"text-align: center;\">Registration is<strong> <span style=\"color: #ff0000;\">CLOSED NOW.<br \/> <\/span><\/strong><\/h3><p>\u00a0<\/p><p>Thank you very much for your interest in participating in the 8th International Posture Symposium. You can be sure you will meet excellent scientists and well-known researchers in the field of posture and gait. Of course you will have the possibility to share your ideas with them during the conference's sessions and social events.\u00a0We look forward to seeing you in Smolenice Castle, Slovakia.<\/p><p>\u00a0<\/p><h3 style=\"text-align: center;\">Registration fee:<\/h3><p>[easy-pricing-table id=\"192\"]<\/p><p>\u00a0<\/p><p>The conference registration fee includes:<\/p><ul><li><h3>access to all conference sessions<\/h3><\/li><li><h3>conference materials (conference bag, name tag, program and Abstract book)<\/h3><\/li><li><h3>accommodation in Smolenice Castle or in hotel near the Castle for 3 nights<\/h3><\/li><li><h3>meals (breakfast, lunch and dinner) during symposium in the Castle<\/h3><\/li><li><h3>Welcome Reception (September 9th, 2018), Barbecue (September 10th, 2018), Farewell dinner (September 11th, 2018)<\/h3><\/li><li><h3>refreshments during coffee breaks<\/h3><\/li><li><h3>transport by special bus from Bratislava to Smolenice Castle and back<\/h3><\/li><\/ul><p>Because of the limited capacity of the Castle, organizers reserve the right to refuse registration of participants without accepted contribution. The announcement about acceptation of contribution to the 8th International Posture Symposium will be sent till June 30, 2018.<\/p><p>Registration fee can be paid <strong>by a bank transfer<\/strong> or <strong>by cash<\/strong> at the registration desk in Smolenice Castle.<br \/> In latter case, prepare only cash in EURO please. Any other currency or credit cards will be not accepted.<\/p><p>\u00a0<\/p><p>If you need any additional information about the registration for the conference or registration fee, please do not hesitate to contact the Organizing Committee by e-mail: info(a)posture.sk<\/p>","_et_gb_content_width":"","footnotes":""},"class_list":["post-56","page","type-page","status-publish","hentry"],"_links":{"self":[{"href":"https:\/\/www.posture.sk\/index.php\/wp-json\/wp\/v2\/pages\/56","targetHints":{"allow":["GET"]}}],"collection":[{"href":"https:\/\/www.posture.sk\/index.php\/wp-json\/wp\/v2\/pages"}],"about":[{"href":"https:\/\/www.posture.sk\/index.php\/wp-json\/wp\/v2\/types\/page"}],"author":[{"embeddable":true,"href":"https:\/\/www.posture.sk\/index.php\/wp-json\/wp\/v2\/users\/1"}],"replies":[{"embeddable":true,"href":"https:\/\/www.posture.sk\/index.php\/wp-json\/wp\/v2\/comments?post=56"}],"version-history":[{"count":6,"href":"https:\/\/www.posture.sk\/index.php\/wp-json\/wp\/v2\/pages\/56\/revisions"}],"predecessor-version":[{"id":1377,"href":"https:\/\/www.posture.sk\/index.php\/wp-json\/wp\/v2\/pages\/56\/revisions\/1377"}],"wp:attachment":[{"href":"https:\/\/www.posture.sk\/index.php\/wp-json\/wp\/v2\/media?parent=56"}],"curies":[{"name":"wp","href":"https:\/\/api.w.org\/{rel}","templated":true}]}}